{"id":1010,"date":"2020-12-17T14:00:25","date_gmt":"2020-12-17T13:00:25","guid":{"rendered":"http:\/\/localhost\/MPB%20test%202020\/?page_id=1010"},"modified":"2025-11-08T14:18:28","modified_gmt":"2025-11-08T13:18:28","slug":"fibromassage","status":"publish","type":"page","link":"https:\/\/massagepraktijkbaltzer.nl\/?page_id=1010","title":{"rendered":"Fibromassage \u00ae"},"content":{"rendered":"<h2>Fibromassage\u00ae<\/h2>\n<p>\t\t\t\t\t\t\t\t\t\t\t\t\t\t\t<img loading=\"lazy\" decoding=\"async\" width=\"300\" height=\"199\" src=\"https:\/\/massagepraktijkbaltzer.nl\/wp-content\/uploads\/2020\/12\/Fibro-1-300x199.jpg\" alt=\"\" srcset=\"https:\/\/massagepraktijkbaltzer.nl\/wp-content\/uploads\/2020\/12\/Fibro-1-300x199.jpg 300w, https:\/\/massagepraktijkbaltzer.nl\/wp-content\/uploads\/2020\/12\/Fibro-1-1024x680.jpg 1024w, https:\/\/massagepraktijkbaltzer.nl\/wp-content\/uploads\/2020\/12\/Fibro-1-768x510.jpg 768w, https:\/\/massagepraktijkbaltzer.nl\/wp-content\/uploads\/2020\/12\/Fibro-1-1536x1020.jpg 1536w, https:\/\/massagepraktijkbaltzer.nl\/wp-content\/uploads\/2020\/12\/Fibro-1.jpg 1980w\" sizes=\"auto, (max-width: 300px) 100vw, 300px\" \/><br \/>\n\t\t\t\t\t\t\t\t\t\t\t\t\t\t\t<img loading=\"lazy\" decoding=\"async\" width=\"232\" height=\"122\" src=\"https:\/\/massagepraktijkbaltzer.nl\/wp-content\/uploads\/2020\/12\/Logo-Fibromassage.jpg\" alt=\"\" \/>\t\t\t\t\t\t\t\t\t\t\t\t\t\t\t<\/p>\n<p>Fibromassage\u00ae, beter bekend als\u00a0fibromyalgiemassage, is ontwikkeld om de pijn die fibromyalgiepati\u00ebnten voelen, te verlichten.<\/p>\n<p>Fibromyalgie is een reumatische aandoening en betekent letterlijk \u2018pijn in bindweefsel en spieren\u2019. Het komt voor bij ongeveer twee op de honderd volwassenen, vooral bij vrouwen en openbaart zich meestal tussen de 20 en 60 jaar.<\/p>\n<p>Uit recent onderzoek door de Universiteit van Miami is gebleken dat massage \u00e9\u00e9n van de gunstigste behandelingen is voor Fibromyalgiepati\u00ebnten.<\/p>\n<p>Wegnemen van alle pijn kan de massage helaas niet. Dat kan ook de traditionele geneeskunde niet. Nog niet.<br \/>Maar in afwachting van een medische doorbraak kunnen fibromyalgiepati\u00ebnten toch al erg gebaat zijn met een fibromyalgiemassage.<\/p>\n<p>De impact van het syndroom Fibromyalgie is groot op het dagelijkse leven van mensen die deze aandoening hebben. De lange weg naar een indicatie. De dagelijkse pijn. Het slaapgebrek. De vermoeidheid. Het onbegrip, en soms de wanhopige roep om ervan genezen te zijn.<\/p>\n<p>Ieder persoon met fibromyalgie ervaart de ziekte anders en ook is het verloop bij eenieder verschillend. De meest voorkomende klachten zijn pijnlijke of stijve spieren (vooral in de spier- en gewrichtsaanhechtingen en pezen), vermoeidheid, slaapproblemen, depressies en darmklachten. Dit is maar een kleine greep van klachten die kunnen voorkomen.<\/p>\n<p>Over de oorzaak van deze ziekte is nog weinig\u00a0bekend en daarom is er nog geen\u00a0medicijn die de ziekte kan bestrijden.<\/p>\n<p>Het chronisch vermoeidheids syndroom (cvs) heeft grote raakvlakken met fibromyalgie. Bij fibromyalgie is de pijnklacht het ergst, terwijl bij cvs de vermoeidheid het groostste probleem vormt.<\/p>\n<p><strong>Fibromassage\u00ae behandeling<\/strong><\/p>\n<p>Omdat het ziekteverloop bij iedere pati\u00ebnt anders is, is ook de behandeling bij iedere pati\u00ebnt anders. Daarom bespreken we bij de kennismaking en intake uw wensen, behoeften en klachten. Dit geeft richting aan de keuze van de wijze van massage, opbouw, duur en frequentie van de Fibromassage\u00ae.<\/p>\n<p>Fibromassage\u00ae is een therapeutische massage en wordt als 2 verschillende massages aangeboden:<\/p>\n<p><strong>Massage tegen de pijn<\/strong>:<\/p>\n<p>Tijdens de massage wordt het bindweefsel tot rust gebracht en worden gespannen en stramme punten verlicht. Ook wordt door middel van post-isometrische spierontspanningsoefeningen ontspanning in de spieren gebracht.<\/p>\n<p><strong>Massage ter bevordering van de slaap<\/strong>:<\/p>\n<p>De massage ter bevordering van de slaap is een langzame en ritmische massage, waarbij de nadruk ligt op volledige ontspanning. Het beste is om deze massage zo laat mogelijk op de dag te ondergaan. Het is belangrijk dat er nadien geen andere activiteiten worden uitgevoerd, deze zullen het effect van de massage teniet doen.<\/p>\n<p><strong>De effecten van Fibromassage\u00ae zijn<\/strong>:<\/p>\n<ul>\n<li>meer rust voor lichaam en geest door het dempen van het zenuwstelsel<\/li>\n<li>meer balans in het lichaam<\/li>\n<li>de pijn en stress verminderen, o.a. door het vrijgeven van de natuurlijke pijnstiller: endorfine<\/li>\n<li>diepere ademhaling en daling van het hartritmeverbetering van de bloed- en lymfecirculatie<\/li>\n<li>verbetering van het bewegingsapparaat, o.a. door hogere opname van zuurstof in de spieren en<br \/>verlichting van spierkrampen<\/li>\n<\/ul>\n<p><strong>Hoe lang duurt een massage?<\/strong><\/p>\n<p>De eerste massage tegen pijn zal maximaal 20 minuten in beslag nemen. De tijd wordt verlengd tot 60 minuten als de toestand van de Fibromyalgiepati\u00ebnt dit toelaat. De frequentie van de behandelingen is per persoon verschillend en afhankelijk van diverse factoren. Omdat het tijd nodig heeft voordat de Fibromassage\u00ae effectief gaat worden, wordt de behandeling in kuurvorm aangeboden.<\/p>\n<p>Voorafgaande aan een nieuwe behandeling wordt dan ook even doorgenomen hoe de massage de vorige keer ervaren is. Uiteraard hopen we beiden (de cli\u00ebnt en ik) dat het als uitstekend ervaren is, maar wellicht heeft u de vorige keer juist extra napijn gekregen of heeft u andere klachten ervaren.<br \/>Om deze reden is het doorspreken van de behandeling erg belangrijk voor zowel de cli\u00ebnt als voor mij als massagetherapeut.<br \/>Het kan uiteraard zo zijn dat we even moeten zoeken naar de juiste vorm en manier van behandelen. Daarbij is het voornaamste doel van de Fibromassage\u00ae om op termijn de klachten te verminderen waardoor uzelf als mens weer prettiger en fitter gaat voelen. Soms vergt deze aanpak daarom enig doorzettingsvermogen van beide kanten.<\/p>\n<p><strong>Voor wie is deze methode geschikt?<\/strong><\/p>\n<p>In principe voor iedereen. Houdt u er echter wel rekening mee dat mijn behandeling aanvullend of ondersteunend kan zijn, maar nooit een andere behandeling kan vervangen. Bij lichamelijke klachten adviseer ik altijd eerst even contact op te nemen met de (huis)arts.<\/p>\n<p>Deze massage is ook goed toe te passen bij CVS (Chronisch Vermoeidheidssyndroom) en bij drukke kinderen die moeilijk in slaap kunnen komen.<\/p>\n<p><strong>Interessante links<\/strong><br \/><a href=\"http:\/\/www.fibromyalgie.nl\/\" target=\"_blank\" rel=\"noopener\">www.fibromyalgie.nl<\/a><br \/><a href=\"http:\/\/www.fesinfo.nl\/\" target=\"_blank\" rel=\"noopener\">www.fesinfo.nl<\/a>\u00a0(pati\u00ebntenvereniging)<\/p>\n<p>\t\t\t\t\t<a href=\"https:\/\/massagepraktijkbaltzer.nl\/?page_id=41\"><br \/>\n\t\t\t\t\t\t\t\t\tterug naar Natuurgeneeskunde<br \/>\n\t\t\t\t\t<\/a><\/p>\n","protected":false},"excerpt":{"rendered":"<p>Fibromassage\u00ae Fibromassage\u00ae, beter bekend als\u00a0fibromyalgiemassage, is ontwikkeld om de pijn die fibromyalgiepati\u00ebnten voelen, te verlichten. Fibromyalgie is een reumatische aandoening en betekent letterlijk \u2018pijn in bindweefsel en spieren\u2019. Het komt voor bij ongeveer twee op de honderd volwassenen, vooral bij vrouwen en openbaart zich meestal tussen de 20 en 60 jaar. Uit recent onderzoek door [&hellip;]<\/p>\n","protected":false},"author":1,"featured_media":0,"parent":0,"menu_order":0,"comment_status":"closed","ping_status":"closed","template":"","meta":{"_monsterinsights_skip_tracking":false,"_monsterinsights_sitenote_active":false,"_monsterinsights_sitenote_note":"","_monsterinsights_sitenote_category":0,"site-sidebar-layout":"no-sidebar","site-content-layout":"page-builder","ast-site-content-layout":"default","site-content-style":"default","site-sidebar-style":"default","ast-global-header-display":"","ast-banner-title-visibility":"","ast-main-header-display":"","ast-hfb-above-header-display":"","ast-hfb-below-header-display":"","ast-hfb-mobile-header-display":"","site-post-title":"disabled","ast-breadcrumbs-content":"","ast-featured-img":"disabled","footer-sml-layout":"","theme-transparent-header-meta":"default","adv-header-id-meta":"","stick-header-meta":"","header-above-stick-meta":"","header-main-stick-meta":"","header-below-stick-meta":"","astra-migrate-meta-layouts":"default","ast-page-background-enabled":"default","ast-page-background-meta":{"desktop":{"background-color":"","background-image":"","background-repeat":"repeat","background-position":"center center","background-size":"auto","background-attachment":"scroll","background-type":"","background-media":"","overlay-type":"","overlay-color":"","overlay-opacity":"","overlay-gradient":""},"tablet":{"background-color":"","background-image":"","background-repeat":"repeat","background-position":"center center","background-size":"auto","background-attachment":"scroll","background-type":"","background-media":"","overlay-type":"","overlay-color":"","overlay-opacity":"","overlay-gradient":""},"mobile":{"background-color":"","background-image":"","background-repeat":"repeat","background-position":"center center","background-size":"auto","background-attachment":"scroll","background-type":"","background-media":"","overlay-type":"","overlay-color":"","overlay-opacity":"","overlay-gradient":""}},"ast-content-background-meta":{"desktop":{"background-color":"var(--ast-global-color-5)","background-image":"","background-repeat":"repeat","background-position":"center center","background-size":"auto","background-attachment":"scroll","background-type":"","background-media":"","overlay-type":"","overlay-color":"","overlay-opacity":"","overlay-gradient":""},"tablet":{"background-color":"var(--ast-global-color-5)","background-image":"","background-repeat":"repeat","background-position":"center center","background-size":"auto","background-attachment":"scroll","background-type":"","background-media":"","overlay-type":"","overlay-color":"","overlay-opacity":"","overlay-gradient":""},"mobile":{"background-color":"var(--ast-global-color-5)","background-image":"","background-repeat":"repeat","background-position":"center center","background-size":"auto","background-attachment":"scroll","background-type":"","background-media":"","overlay-type":"","overlay-color":"","overlay-opacity":"","overlay-gradient":""}},"footnotes":""},"class_list":["post-1010","page","type-page","status-publish","hentry"],"yoast_head":"<!-- This site is optimized with the Yoast SEO plugin v26.5 - https:\/\/yoast.com\/wordpress\/plugins\/seo\/ -->\n<title>Fibromassage \u00ae - Massage Praktijk Baltzer | Beuningen<\/title>\n<meta name=\"robots\" content=\"noindex, follow, max-snippet:-1, max-image-preview:large, max-video-preview:-1\" \/>\n<meta property=\"og:locale\" content=\"nl_NL\" \/>\n<meta property=\"og:type\" content=\"article\" \/>\n<meta property=\"og:title\" content=\"Fibromassage \u00ae - Massage Praktijk Baltzer | Beuningen\" \/>\n<meta property=\"og:description\" content=\"Fibromassage\u00ae Fibromassage\u00ae, beter bekend als\u00a0fibromyalgiemassage, is ontwikkeld om de pijn die fibromyalgiepati\u00ebnten voelen, te verlichten. Fibromyalgie is een reumatische aandoening en betekent letterlijk \u2018pijn in bindweefsel en spieren\u2019. Het komt voor bij ongeveer twee op de honderd volwassenen, vooral bij vrouwen en openbaart zich meestal tussen de 20 en 60 jaar. Uit recent onderzoek door [&hellip;]\" \/>\n<meta property=\"og:url\" content=\"https:\/\/massagepraktijkbaltzer.nl\/?page_id=1010\" \/>\n<meta property=\"og:site_name\" content=\"Massage Praktijk Baltzer | Beuningen\" \/>\n<meta property=\"article:modified_time\" content=\"2025-11-08T13:18:28+00:00\" \/>\n<meta property=\"og:image\" content=\"https:\/\/massagepraktijkbaltzer.nl\/wp-content\/uploads\/2020\/12\/Fibro-1.jpg\" \/>\n\t<meta property=\"og:image:width\" content=\"1980\" \/>\n\t<meta property=\"og:image:height\" content=\"1315\" \/>\n\t<meta property=\"og:image:type\" content=\"image\/jpeg\" \/>\n<meta name=\"twitter:card\" content=\"summary_large_image\" \/>\n<meta name=\"twitter:label1\" content=\"Geschatte leestijd\" \/>\n\t<meta name=\"twitter:data1\" content=\"4 minuten\" \/>\n<script type=\"application\/ld+json\" class=\"yoast-schema-graph\">{\"@context\":\"https:\/\/schema.org\",\"@graph\":[{\"@type\":\"WebPage\",\"@id\":\"https:\/\/massagepraktijkbaltzer.nl\/?page_id=1010\",\"url\":\"https:\/\/massagepraktijkbaltzer.nl\/?page_id=1010\",\"name\":\"Fibromassage \u00ae - Massage Praktijk Baltzer | Beuningen\",\"isPartOf\":{\"@id\":\"https:\/\/massagepraktijkbaltzer.nl\/#website\"},\"primaryImageOfPage\":{\"@id\":\"https:\/\/massagepraktijkbaltzer.nl\/?page_id=1010#primaryimage\"},\"image\":{\"@id\":\"https:\/\/massagepraktijkbaltzer.nl\/?page_id=1010#primaryimage\"},\"thumbnailUrl\":\"https:\/\/massagepraktijkbaltzer.nl\/wp-content\/uploads\/2020\/12\/Fibro-1-300x199.jpg\",\"datePublished\":\"2020-12-17T13:00:25+00:00\",\"dateModified\":\"2025-11-08T13:18:28+00:00\",\"breadcrumb\":{\"@id\":\"https:\/\/massagepraktijkbaltzer.nl\/?page_id=1010#breadcrumb\"},\"inLanguage\":\"nl-NL\",\"potentialAction\":[{\"@type\":\"ReadAction\",\"target\":[\"https:\/\/massagepraktijkbaltzer.nl\/?page_id=1010\"]}]},{\"@type\":\"ImageObject\",\"inLanguage\":\"nl-NL\",\"@id\":\"https:\/\/massagepraktijkbaltzer.nl\/?page_id=1010#primaryimage\",\"url\":\"https:\/\/massagepraktijkbaltzer.nl\/wp-content\/uploads\/2020\/12\/Fibro-1.jpg\",\"contentUrl\":\"https:\/\/massagepraktijkbaltzer.nl\/wp-content\/uploads\/2020\/12\/Fibro-1.jpg\",\"width\":1980,\"height\":1315},{\"@type\":\"BreadcrumbList\",\"@id\":\"https:\/\/massagepraktijkbaltzer.nl\/?page_id=1010#breadcrumb\",\"itemListElement\":[{\"@type\":\"ListItem\",\"position\":1,\"name\":\"Home\",\"item\":\"https:\/\/massagepraktijkbaltzer.nl\/\"},{\"@type\":\"ListItem\",\"position\":2,\"name\":\"Fibromassage \u00ae\"}]},{\"@type\":\"WebSite\",\"@id\":\"https:\/\/massagepraktijkbaltzer.nl\/#website\",\"url\":\"https:\/\/massagepraktijkbaltzer.nl\/\",\"name\":\"Massage Praktijk Baltzer | Beuningen\",\"description\":\"Voor de balans tussen lichaam en geest\",\"publisher\":{\"@id\":\"https:\/\/massagepraktijkbaltzer.nl\/#organization\"},\"potentialAction\":[{\"@type\":\"SearchAction\",\"target\":{\"@type\":\"EntryPoint\",\"urlTemplate\":\"https:\/\/massagepraktijkbaltzer.nl\/?s={search_term_string}\"},\"query-input\":{\"@type\":\"PropertyValueSpecification\",\"valueRequired\":true,\"valueName\":\"search_term_string\"}}],\"inLanguage\":\"nl-NL\"},{\"@type\":\"Organization\",\"@id\":\"https:\/\/massagepraktijkbaltzer.nl\/#organization\",\"name\":\"Massage Praktijk Baltzer | Beuningen\",\"url\":\"https:\/\/massagepraktijkbaltzer.nl\/\",\"logo\":{\"@type\":\"ImageObject\",\"inLanguage\":\"nl-NL\",\"@id\":\"https:\/\/massagepraktijkbaltzer.nl\/#\/schema\/logo\/image\/\",\"url\":\"https:\/\/massagepraktijkbaltzer.nl\/wp-content\/uploads\/2020\/10\/cropped-SmallLogo-1-2.png\",\"contentUrl\":\"https:\/\/massagepraktijkbaltzer.nl\/wp-content\/uploads\/2020\/10\/cropped-SmallLogo-1-2.png\",\"width\":500,\"height\":209,\"caption\":\"Massage Praktijk Baltzer | Beuningen\"},\"image\":{\"@id\":\"https:\/\/massagepraktijkbaltzer.nl\/#\/schema\/logo\/image\/\"}}]}<\/script>\n<!-- \/ Yoast SEO plugin. -->","yoast_head_json":{"title":"Fibromassage \u00ae - Massage Praktijk Baltzer | Beuningen","robots":{"index":"noindex","follow":"follow","max-snippet":"max-snippet:-1","max-image-preview":"max-image-preview:large","max-video-preview":"max-video-preview:-1"},"og_locale":"nl_NL","og_type":"article","og_title":"Fibromassage \u00ae - Massage Praktijk Baltzer | Beuningen","og_description":"Fibromassage\u00ae Fibromassage\u00ae, beter bekend als\u00a0fibromyalgiemassage, is ontwikkeld om de pijn die fibromyalgiepati\u00ebnten voelen, te verlichten. Fibromyalgie is een reumatische aandoening en betekent letterlijk \u2018pijn in bindweefsel en spieren\u2019. Het komt voor bij ongeveer twee op de honderd volwassenen, vooral bij vrouwen en openbaart zich meestal tussen de 20 en 60 jaar. Uit recent onderzoek door [&hellip;]","og_url":"https:\/\/massagepraktijkbaltzer.nl\/?page_id=1010","og_site_name":"Massage Praktijk Baltzer | Beuningen","article_modified_time":"2025-11-08T13:18:28+00:00","og_image":[{"width":1980,"height":1315,"url":"https:\/\/massagepraktijkbaltzer.nl\/wp-content\/uploads\/2020\/12\/Fibro-1.jpg","type":"image\/jpeg"}],"twitter_card":"summary_large_image","twitter_misc":{"Geschatte leestijd":"4 minuten"},"schema":{"@context":"https:\/\/schema.org","@graph":[{"@type":"WebPage","@id":"https:\/\/massagepraktijkbaltzer.nl\/?page_id=1010","url":"https:\/\/massagepraktijkbaltzer.nl\/?page_id=1010","name":"Fibromassage \u00ae - Massage Praktijk Baltzer | Beuningen","isPartOf":{"@id":"https:\/\/massagepraktijkbaltzer.nl\/#website"},"primaryImageOfPage":{"@id":"https:\/\/massagepraktijkbaltzer.nl\/?page_id=1010#primaryimage"},"image":{"@id":"https:\/\/massagepraktijkbaltzer.nl\/?page_id=1010#primaryimage"},"thumbnailUrl":"https:\/\/massagepraktijkbaltzer.nl\/wp-content\/uploads\/2020\/12\/Fibro-1-300x199.jpg","datePublished":"2020-12-17T13:00:25+00:00","dateModified":"2025-11-08T13:18:28+00:00","breadcrumb":{"@id":"https:\/\/massagepraktijkbaltzer.nl\/?page_id=1010#breadcrumb"},"inLanguage":"nl-NL","potentialAction":[{"@type":"ReadAction","target":["https:\/\/massagepraktijkbaltzer.nl\/?page_id=1010"]}]},{"@type":"ImageObject","inLanguage":"nl-NL","@id":"https:\/\/massagepraktijkbaltzer.nl\/?page_id=1010#primaryimage","url":"https:\/\/massagepraktijkbaltzer.nl\/wp-content\/uploads\/2020\/12\/Fibro-1.jpg","contentUrl":"https:\/\/massagepraktijkbaltzer.nl\/wp-content\/uploads\/2020\/12\/Fibro-1.jpg","width":1980,"height":1315},{"@type":"BreadcrumbList","@id":"https:\/\/massagepraktijkbaltzer.nl\/?page_id=1010#breadcrumb","itemListElement":[{"@type":"ListItem","position":1,"name":"Home","item":"https:\/\/massagepraktijkbaltzer.nl\/"},{"@type":"ListItem","position":2,"name":"Fibromassage \u00ae"}]},{"@type":"WebSite","@id":"https:\/\/massagepraktijkbaltzer.nl\/#website","url":"https:\/\/massagepraktijkbaltzer.nl\/","name":"Massage Praktijk Baltzer | Beuningen","description":"Voor de balans tussen lichaam en geest","publisher":{"@id":"https:\/\/massagepraktijkbaltzer.nl\/#organization"},"potentialAction":[{"@type":"SearchAction","target":{"@type":"EntryPoint","urlTemplate":"https:\/\/massagepraktijkbaltzer.nl\/?s={search_term_string}"},"query-input":{"@type":"PropertyValueSpecification","valueRequired":true,"valueName":"search_term_string"}}],"inLanguage":"nl-NL"},{"@type":"Organization","@id":"https:\/\/massagepraktijkbaltzer.nl\/#organization","name":"Massage Praktijk Baltzer | Beuningen","url":"https:\/\/massagepraktijkbaltzer.nl\/","logo":{"@type":"ImageObject","inLanguage":"nl-NL","@id":"https:\/\/massagepraktijkbaltzer.nl\/#\/schema\/logo\/image\/","url":"https:\/\/massagepraktijkbaltzer.nl\/wp-content\/uploads\/2020\/10\/cropped-SmallLogo-1-2.png","contentUrl":"https:\/\/massagepraktijkbaltzer.nl\/wp-content\/uploads\/2020\/10\/cropped-SmallLogo-1-2.png","width":500,"height":209,"caption":"Massage Praktijk Baltzer | Beuningen"},"image":{"@id":"https:\/\/massagepraktijkbaltzer.nl\/#\/schema\/logo\/image\/"}}]}},"_links":{"self":[{"href":"https:\/\/massagepraktijkbaltzer.nl\/index.php?rest_route=\/wp\/v2\/pages\/1010","targetHints":{"allow":["GET"]}}],"collection":[{"href":"https:\/\/massagepraktijkbaltzer.nl\/index.php?rest_route=\/wp\/v2\/pages"}],"about":[{"href":"https:\/\/massagepraktijkbaltzer.nl\/index.php?rest_route=\/wp\/v2\/types\/page"}],"author":[{"embeddable":true,"href":"https:\/\/massagepraktijkbaltzer.nl\/index.php?rest_route=\/wp\/v2\/users\/1"}],"replies":[{"embeddable":true,"href":"https:\/\/massagepraktijkbaltzer.nl\/index.php?rest_route=%2Fwp%2Fv2%2Fcomments&post=1010"}],"version-history":[{"count":25,"href":"https:\/\/massagepraktijkbaltzer.nl\/index.php?rest_route=\/wp\/v2\/pages\/1010\/revisions"}],"predecessor-version":[{"id":2586,"href":"https:\/\/massagepraktijkbaltzer.nl\/index.php?rest_route=\/wp\/v2\/pages\/1010\/revisions\/2586"}],"wp:attachment":[{"href":"https:\/\/massagepraktijkbaltzer.nl\/index.php?rest_route=%2Fwp%2Fv2%2Fmedia&parent=1010"}],"curies":[{"name":"wp","href":"https:\/\/api.w.org\/{rel}","templated":true}]}}