{"id":1198,"date":"2020-12-17T15:47:47","date_gmt":"2020-12-17T14:47:47","guid":{"rendered":"http:\/\/localhost\/MPB%20test%202020\/?page_id=1198"},"modified":"2025-11-08T14:22:27","modified_gmt":"2025-11-08T13:22:27","slug":"hoofdpijn-massage","status":"publish","type":"page","link":"https:\/\/massagepraktijkbaltzer.nl\/?page_id=1198","title":{"rendered":"Hoofdpijn massage"},"content":{"rendered":"<h2>Hoofdpijn massage<\/h2>\n<p>\t\t\t\t\t\t\t\t\t\t\t\t\t\t\t<img loading=\"lazy\" decoding=\"async\" width=\"259\" height=\"194\" src=\"https:\/\/massagepraktijkbaltzer.nl\/wp-content\/uploads\/2020\/12\/Hoofdpijnmassage-2.jpg\" alt=\"\" \/><br \/>\n\t\t\t\t\t\t\t\t\t\t\t\t\t\t\t<img loading=\"lazy\" decoding=\"async\" width=\"347\" height=\"249\" src=\"https:\/\/massagepraktijkbaltzer.nl\/wp-content\/uploads\/2020\/12\/hoofdpijnmassage-3.jpg\" alt=\"\" srcset=\"https:\/\/massagepraktijkbaltzer.nl\/wp-content\/uploads\/2020\/12\/hoofdpijnmassage-3.jpg 347w, https:\/\/massagepraktijkbaltzer.nl\/wp-content\/uploads\/2020\/12\/hoofdpijnmassage-3-300x215.jpg 300w\" sizes=\"auto, (max-width: 347px) 100vw, 347px\" \/><br \/>\n\t\t\t\t\t\t\t\t\t\t\t\t\t\t\t<img loading=\"lazy\" decoding=\"async\" width=\"2560\" height=\"1667\" src=\"https:\/\/massagepraktijkbaltzer.nl\/wp-content\/uploads\/2020\/12\/hoofdpijmassage-1-1-scaled.jpg\" alt=\"\" srcset=\"https:\/\/massagepraktijkbaltzer.nl\/wp-content\/uploads\/2020\/12\/hoofdpijmassage-1-1-scaled.jpg 2560w, https:\/\/massagepraktijkbaltzer.nl\/wp-content\/uploads\/2020\/12\/hoofdpijmassage-1-1-300x195.jpg 300w, https:\/\/massagepraktijkbaltzer.nl\/wp-content\/uploads\/2020\/12\/hoofdpijmassage-1-1-1024x667.jpg 1024w, https:\/\/massagepraktijkbaltzer.nl\/wp-content\/uploads\/2020\/12\/hoofdpijmassage-1-1-768x500.jpg 768w, https:\/\/massagepraktijkbaltzer.nl\/wp-content\/uploads\/2020\/12\/hoofdpijmassage-1-1-1536x1000.jpg 1536w, https:\/\/massagepraktijkbaltzer.nl\/wp-content\/uploads\/2020\/12\/hoofdpijmassage-1-1-2048x1333.jpg 2048w\" sizes=\"auto, (max-width: 2560px) 100vw, 2560px\" \/>\t\t\t\t\t\t\t\t\t\t\t\t\t\t\t<\/p>\n<p>Veel mensen lijden aan een vorm van hoofdpijn die ervoor zorgt dat men niet goed meer kan functioneren in het dagelijkse leven. Twintig procent van de Nederlanders, dat is \u00e9\u00e9n op vijf, heeft minimaal \u00e9\u00e9n dag in de week hoofdpijn.<\/p>\n<p>Er zijn verschillende vormen van hoofdpijn:<\/p>\n<p>\u2013 Migraine<br \/>\u2013 Spanningshoofdpijn<br \/>\u2013 Clusterhoofdpijn<br \/>\u2013 Medicatie afhankelijke hoofdpijn<br \/>\u2013 Chronische dagelijkse hoofdpijn<br \/>\u2013 Kinder migraine<br \/>\u2013 Aangezichtspijn<\/p>\n<p>Hoofdpijn wordt vaak veroorzaakt door spanning in de speren. Bij hoofdpijn en stress is hoofdmassage een weldadige manier om tot rust te komen. Hoofdmassage helpt niet alleen de spieren in het hoofd te ontspannen, maar zorgt ook voor algehele ontspanning.<\/p>\n<p>De Hoofdpijn Massage is een speciaal ontwikkelde massage die zorgt voor ontspanning in de betreffende spieren waardoor hoofdpijnklachten minder hevig en minder vaak zullen terugkeren of zelfs kunnen verdwijnen.<\/p>\n<p>Er wordt eveneens druk uitgeoefend op speciale punten, die overeenkomen met de drukpunten van acupunctuur. Hierdoor worden de energiebanen gestimuleerd welke met deze drukpunten verbonden zijn, zodat mogelijke blokkades worden opgeheven.<\/p>\n<p>Hoofdmassage helpt de spieren rondom het hoofd te ontspannen. Bovendien veroorzaakt hoofdmassage een algemeen ontspannen gevoel, waardoor de cli\u00ebnt de stress kwijtraakt en ook de nek- en schouderspieren de kans krijgen om te ontspannen. Door het stimuleren van de drukpunten wordt negatieve energie uit het lichaam verwijderd, waardoor u meer ontspant en de hoofdpijn snel afneemt.<\/p>\n<p>\t\t\t\t\t<a href=\"https:\/\/massagepraktijkbaltzer.nl\/?page_id=43\"><br \/>\n\t\t\t\t\t\t\t\t\tterug naar Ontspanning<br \/>\n\t\t\t\t\t<\/a><\/p>\n","protected":false},"excerpt":{"rendered":"<p>Hoofdpijn massage Veel mensen lijden aan een vorm van hoofdpijn die ervoor zorgt dat men niet goed meer kan functioneren in het dagelijkse leven. Twintig procent van de Nederlanders, dat is \u00e9\u00e9n op vijf, heeft minimaal \u00e9\u00e9n dag in de week hoofdpijn. Er zijn verschillende vormen van hoofdpijn: \u2013 Migraine\u2013 Spanningshoofdpijn\u2013 Clusterhoofdpijn\u2013 Medicatie afhankelijke hoofdpijn\u2013 [&hellip;]<\/p>\n","protected":false},"author":1,"featured_media":0,"parent":0,"menu_order":0,"comment_status":"closed","ping_status":"closed","template":"","meta":{"_monsterinsights_skip_tracking":false,"_monsterinsights_sitenote_active":false,"_monsterinsights_sitenote_note":"","_monsterinsights_sitenote_category":0,"site-sidebar-layout":"no-sidebar","site-content-layout":"page-builder","ast-site-content-layout":"default","site-content-style":"default","site-sidebar-style":"default","ast-global-header-display":"","ast-banner-title-visibility":"","ast-main-header-display":"","ast-hfb-above-header-display":"","ast-hfb-below-header-display":"","ast-hfb-mobile-header-display":"","site-post-title":"disabled","ast-breadcrumbs-content":"","ast-featured-img":"disabled","footer-sml-layout":"","theme-transparent-header-meta":"default","adv-header-id-meta":"","stick-header-meta":"","header-above-stick-meta":"","header-main-stick-meta":"","header-below-stick-meta":"","astra-migrate-meta-layouts":"default","ast-page-background-enabled":"default","ast-page-background-meta":{"desktop":{"background-color":"","background-image":"","background-repeat":"repeat","background-position":"center center","background-size":"auto","background-attachment":"scroll","background-type":"","background-media":"","overlay-type":"","overlay-color":"","overlay-opacity":"","overlay-gradient":""},"tablet":{"background-color":"","background-image":"","background-repeat":"repeat","background-position":"center center","background-size":"auto","background-attachment":"scroll","background-type":"","background-media":"","overlay-type":"","overlay-color":"","overlay-opacity":"","overlay-gradient":""},"mobile":{"background-color":"","background-image":"","background-repeat":"repeat","background-position":"center center","background-size":"auto","background-attachment":"scroll","background-type":"","background-media":"","overlay-type":"","overlay-color":"","overlay-opacity":"","overlay-gradient":""}},"ast-content-background-meta":{"desktop":{"background-color":"var(--ast-global-color-5)","background-image":"","background-repeat":"repeat","background-position":"center center","background-size":"auto","background-attachment":"scroll","background-type":"","background-media":"","overlay-type":"","overlay-color":"","overlay-opacity":"","overlay-gradient":""},"tablet":{"background-color":"var(--ast-global-color-5)","background-image":"","background-repeat":"repeat","background-position":"center center","background-size":"auto","background-attachment":"scroll","background-type":"","background-media":"","overlay-type":"","overlay-color":"","overlay-opacity":"","overlay-gradient":""},"mobile":{"background-color":"var(--ast-global-color-5)","background-image":"","background-repeat":"repeat","background-position":"center center","background-size":"auto","background-attachment":"scroll","background-type":"","background-media":"","overlay-type":"","overlay-color":"","overlay-opacity":"","overlay-gradient":""}},"footnotes":""},"class_list":["post-1198","page","type-page","status-publish","hentry"],"yoast_head":"<!-- This site is optimized with the Yoast SEO plugin v26.5 - https:\/\/yoast.com\/wordpress\/plugins\/seo\/ -->\n<title>Hoofdpijn massage - Massage Praktijk Baltzer | Beuningen<\/title>\n<meta name=\"robots\" content=\"noindex, follow, max-snippet:-1, max-image-preview:large, max-video-preview:-1\" \/>\n<meta property=\"og:locale\" content=\"nl_NL\" \/>\n<meta property=\"og:type\" content=\"article\" \/>\n<meta property=\"og:title\" content=\"Hoofdpijn massage - Massage Praktijk Baltzer | Beuningen\" \/>\n<meta property=\"og:description\" content=\"Hoofdpijn massage Veel mensen lijden aan een vorm van hoofdpijn die ervoor zorgt dat men niet goed meer kan functioneren in het dagelijkse leven. Twintig procent van de Nederlanders, dat is \u00e9\u00e9n op vijf, heeft minimaal \u00e9\u00e9n dag in de week hoofdpijn. Er zijn verschillende vormen van hoofdpijn: \u2013 Migraine\u2013 Spanningshoofdpijn\u2013 Clusterhoofdpijn\u2013 Medicatie afhankelijke hoofdpijn\u2013 [&hellip;]\" \/>\n<meta property=\"og:url\" content=\"https:\/\/massagepraktijkbaltzer.nl\/?page_id=1198\" \/>\n<meta property=\"og:site_name\" content=\"Massage Praktijk Baltzer | Beuningen\" \/>\n<meta property=\"article:modified_time\" content=\"2025-11-08T13:22:27+00:00\" \/>\n<meta property=\"og:image\" content=\"https:\/\/massagepraktijkbaltzer.nl\/wp-content\/uploads\/2020\/12\/Hoofdpijnmassage-2.jpg\" \/>\n\t<meta property=\"og:image:width\" content=\"259\" \/>\n\t<meta property=\"og:image:height\" content=\"194\" \/>\n\t<meta property=\"og:image:type\" content=\"image\/jpeg\" \/>\n<meta name=\"twitter:card\" content=\"summary_large_image\" \/>\n<meta name=\"twitter:label1\" content=\"Geschatte leestijd\" \/>\n\t<meta name=\"twitter:data1\" content=\"2 minuten\" \/>\n<script type=\"application\/ld+json\" class=\"yoast-schema-graph\">{\"@context\":\"https:\/\/schema.org\",\"@graph\":[{\"@type\":\"WebPage\",\"@id\":\"https:\/\/massagepraktijkbaltzer.nl\/?page_id=1198\",\"url\":\"https:\/\/massagepraktijkbaltzer.nl\/?page_id=1198\",\"name\":\"Hoofdpijn massage - Massage Praktijk Baltzer | Beuningen\",\"isPartOf\":{\"@id\":\"https:\/\/massagepraktijkbaltzer.nl\/#website\"},\"primaryImageOfPage\":{\"@id\":\"https:\/\/massagepraktijkbaltzer.nl\/?page_id=1198#primaryimage\"},\"image\":{\"@id\":\"https:\/\/massagepraktijkbaltzer.nl\/?page_id=1198#primaryimage\"},\"thumbnailUrl\":\"https:\/\/massagepraktijkbaltzer.nl\/wp-content\/uploads\/2020\/12\/Hoofdpijnmassage-2.jpg\",\"datePublished\":\"2020-12-17T14:47:47+00:00\",\"dateModified\":\"2025-11-08T13:22:27+00:00\",\"breadcrumb\":{\"@id\":\"https:\/\/massagepraktijkbaltzer.nl\/?page_id=1198#breadcrumb\"},\"inLanguage\":\"nl-NL\",\"potentialAction\":[{\"@type\":\"ReadAction\",\"target\":[\"https:\/\/massagepraktijkbaltzer.nl\/?page_id=1198\"]}]},{\"@type\":\"ImageObject\",\"inLanguage\":\"nl-NL\",\"@id\":\"https:\/\/massagepraktijkbaltzer.nl\/?page_id=1198#primaryimage\",\"url\":\"https:\/\/massagepraktijkbaltzer.nl\/wp-content\/uploads\/2020\/12\/Hoofdpijnmassage-2.jpg\",\"contentUrl\":\"https:\/\/massagepraktijkbaltzer.nl\/wp-content\/uploads\/2020\/12\/Hoofdpijnmassage-2.jpg\",\"width\":259,\"height\":194},{\"@type\":\"BreadcrumbList\",\"@id\":\"https:\/\/massagepraktijkbaltzer.nl\/?page_id=1198#breadcrumb\",\"itemListElement\":[{\"@type\":\"ListItem\",\"position\":1,\"name\":\"Home\",\"item\":\"https:\/\/massagepraktijkbaltzer.nl\/\"},{\"@type\":\"ListItem\",\"position\":2,\"name\":\"Hoofdpijn massage\"}]},{\"@type\":\"WebSite\",\"@id\":\"https:\/\/massagepraktijkbaltzer.nl\/#website\",\"url\":\"https:\/\/massagepraktijkbaltzer.nl\/\",\"name\":\"Massage Praktijk Baltzer | Beuningen\",\"description\":\"Voor de balans tussen lichaam en geest\",\"publisher\":{\"@id\":\"https:\/\/massagepraktijkbaltzer.nl\/#organization\"},\"potentialAction\":[{\"@type\":\"SearchAction\",\"target\":{\"@type\":\"EntryPoint\",\"urlTemplate\":\"https:\/\/massagepraktijkbaltzer.nl\/?s={search_term_string}\"},\"query-input\":{\"@type\":\"PropertyValueSpecification\",\"valueRequired\":true,\"valueName\":\"search_term_string\"}}],\"inLanguage\":\"nl-NL\"},{\"@type\":\"Organization\",\"@id\":\"https:\/\/massagepraktijkbaltzer.nl\/#organization\",\"name\":\"Massage Praktijk Baltzer | Beuningen\",\"url\":\"https:\/\/massagepraktijkbaltzer.nl\/\",\"logo\":{\"@type\":\"ImageObject\",\"inLanguage\":\"nl-NL\",\"@id\":\"https:\/\/massagepraktijkbaltzer.nl\/#\/schema\/logo\/image\/\",\"url\":\"https:\/\/massagepraktijkbaltzer.nl\/wp-content\/uploads\/2020\/10\/cropped-SmallLogo-1-2.png\",\"contentUrl\":\"https:\/\/massagepraktijkbaltzer.nl\/wp-content\/uploads\/2020\/10\/cropped-SmallLogo-1-2.png\",\"width\":500,\"height\":209,\"caption\":\"Massage Praktijk Baltzer | Beuningen\"},\"image\":{\"@id\":\"https:\/\/massagepraktijkbaltzer.nl\/#\/schema\/logo\/image\/\"}}]}<\/script>\n<!-- \/ Yoast SEO plugin. -->","yoast_head_json":{"title":"Hoofdpijn massage - Massage Praktijk Baltzer | Beuningen","robots":{"index":"noindex","follow":"follow","max-snippet":"max-snippet:-1","max-image-preview":"max-image-preview:large","max-video-preview":"max-video-preview:-1"},"og_locale":"nl_NL","og_type":"article","og_title":"Hoofdpijn massage - Massage Praktijk Baltzer | Beuningen","og_description":"Hoofdpijn massage Veel mensen lijden aan een vorm van hoofdpijn die ervoor zorgt dat men niet goed meer kan functioneren in het dagelijkse leven. Twintig procent van de Nederlanders, dat is \u00e9\u00e9n op vijf, heeft minimaal \u00e9\u00e9n dag in de week hoofdpijn. Er zijn verschillende vormen van hoofdpijn: \u2013 Migraine\u2013 Spanningshoofdpijn\u2013 Clusterhoofdpijn\u2013 Medicatie afhankelijke hoofdpijn\u2013 [&hellip;]","og_url":"https:\/\/massagepraktijkbaltzer.nl\/?page_id=1198","og_site_name":"Massage Praktijk Baltzer | Beuningen","article_modified_time":"2025-11-08T13:22:27+00:00","og_image":[{"width":259,"height":194,"url":"https:\/\/massagepraktijkbaltzer.nl\/wp-content\/uploads\/2020\/12\/Hoofdpijnmassage-2.jpg","type":"image\/jpeg"}],"twitter_card":"summary_large_image","twitter_misc":{"Geschatte leestijd":"2 minuten"},"schema":{"@context":"https:\/\/schema.org","@graph":[{"@type":"WebPage","@id":"https:\/\/massagepraktijkbaltzer.nl\/?page_id=1198","url":"https:\/\/massagepraktijkbaltzer.nl\/?page_id=1198","name":"Hoofdpijn massage - Massage Praktijk Baltzer | Beuningen","isPartOf":{"@id":"https:\/\/massagepraktijkbaltzer.nl\/#website"},"primaryImageOfPage":{"@id":"https:\/\/massagepraktijkbaltzer.nl\/?page_id=1198#primaryimage"},"image":{"@id":"https:\/\/massagepraktijkbaltzer.nl\/?page_id=1198#primaryimage"},"thumbnailUrl":"https:\/\/massagepraktijkbaltzer.nl\/wp-content\/uploads\/2020\/12\/Hoofdpijnmassage-2.jpg","datePublished":"2020-12-17T14:47:47+00:00","dateModified":"2025-11-08T13:22:27+00:00","breadcrumb":{"@id":"https:\/\/massagepraktijkbaltzer.nl\/?page_id=1198#breadcrumb"},"inLanguage":"nl-NL","potentialAction":[{"@type":"ReadAction","target":["https:\/\/massagepraktijkbaltzer.nl\/?page_id=1198"]}]},{"@type":"ImageObject","inLanguage":"nl-NL","@id":"https:\/\/massagepraktijkbaltzer.nl\/?page_id=1198#primaryimage","url":"https:\/\/massagepraktijkbaltzer.nl\/wp-content\/uploads\/2020\/12\/Hoofdpijnmassage-2.jpg","contentUrl":"https:\/\/massagepraktijkbaltzer.nl\/wp-content\/uploads\/2020\/12\/Hoofdpijnmassage-2.jpg","width":259,"height":194},{"@type":"BreadcrumbList","@id":"https:\/\/massagepraktijkbaltzer.nl\/?page_id=1198#breadcrumb","itemListElement":[{"@type":"ListItem","position":1,"name":"Home","item":"https:\/\/massagepraktijkbaltzer.nl\/"},{"@type":"ListItem","position":2,"name":"Hoofdpijn massage"}]},{"@type":"WebSite","@id":"https:\/\/massagepraktijkbaltzer.nl\/#website","url":"https:\/\/massagepraktijkbaltzer.nl\/","name":"Massage Praktijk Baltzer | Beuningen","description":"Voor de balans tussen lichaam en geest","publisher":{"@id":"https:\/\/massagepraktijkbaltzer.nl\/#organization"},"potentialAction":[{"@type":"SearchAction","target":{"@type":"EntryPoint","urlTemplate":"https:\/\/massagepraktijkbaltzer.nl\/?s={search_term_string}"},"query-input":{"@type":"PropertyValueSpecification","valueRequired":true,"valueName":"search_term_string"}}],"inLanguage":"nl-NL"},{"@type":"Organization","@id":"https:\/\/massagepraktijkbaltzer.nl\/#organization","name":"Massage Praktijk Baltzer | Beuningen","url":"https:\/\/massagepraktijkbaltzer.nl\/","logo":{"@type":"ImageObject","inLanguage":"nl-NL","@id":"https:\/\/massagepraktijkbaltzer.nl\/#\/schema\/logo\/image\/","url":"https:\/\/massagepraktijkbaltzer.nl\/wp-content\/uploads\/2020\/10\/cropped-SmallLogo-1-2.png","contentUrl":"https:\/\/massagepraktijkbaltzer.nl\/wp-content\/uploads\/2020\/10\/cropped-SmallLogo-1-2.png","width":500,"height":209,"caption":"Massage Praktijk Baltzer | Beuningen"},"image":{"@id":"https:\/\/massagepraktijkbaltzer.nl\/#\/schema\/logo\/image\/"}}]}},"_links":{"self":[{"href":"https:\/\/massagepraktijkbaltzer.nl\/index.php?rest_route=\/wp\/v2\/pages\/1198","targetHints":{"allow":["GET"]}}],"collection":[{"href":"https:\/\/massagepraktijkbaltzer.nl\/index.php?rest_route=\/wp\/v2\/pages"}],"about":[{"href":"https:\/\/massagepraktijkbaltzer.nl\/index.php?rest_route=\/wp\/v2\/types\/page"}],"author":[{"embeddable":true,"href":"https:\/\/massagepraktijkbaltzer.nl\/index.php?rest_route=\/wp\/v2\/users\/1"}],"replies":[{"embeddable":true,"href":"https:\/\/massagepraktijkbaltzer.nl\/index.php?rest_route=%2Fwp%2Fv2%2Fcomments&post=1198"}],"version-history":[{"count":25,"href":"https:\/\/massagepraktijkbaltzer.nl\/index.php?rest_route=\/wp\/v2\/pages\/1198\/revisions"}],"predecessor-version":[{"id":2598,"href":"https:\/\/massagepraktijkbaltzer.nl\/index.php?rest_route=\/wp\/v2\/pages\/1198\/revisions\/2598"}],"wp:attachment":[{"href":"https:\/\/massagepraktijkbaltzer.nl\/index.php?rest_route=%2Fwp%2Fv2%2Fmedia&parent=1198"}],"curies":[{"name":"wp","href":"https:\/\/api.w.org\/{rel}","templated":true}]}}